{"id":4983,"date":"2023-07-24T14:51:01","date_gmt":"2023-07-24T14:51:01","guid":{"rendered":"https:\/\/www.wolthuismachines.nl\/?page_id=4983"},"modified":"2024-11-18T09:27:50","modified_gmt":"2024-11-18T09:27:50","slug":"home-2","status":"publish","type":"page","link":"https:\/\/www.wolthuismachines.nl\/de\/","title":{"rendered":"Home"},"content":{"rendered":"\r\n<p>Dit is een voorbeeldpagina. Het is anders dan een blog bericht omdat het op \u00e9\u00e9n plek blijft en tevoorschijn komt in je site navigatie (in de meeste thema&#8217;s). De meeste mensen starten met een Over pagina dat hen voorstelt aan potenti\u00eble site bezoekers. Het zou iets als dit kunnen zeggen:<\/p>\r\n\r\n\r\n\r\n<blockquote class=\"wp-block-quote is-layout-flow wp-block-quote-is-layout-flow\">\r\n<p>Hoi daar! Ik ben een fietskoerier in het dagelijks leven en een beginnende acteur in de avonduren, en dit is mijn site. Ik leef in Los Angeles, heb een leuke hond genaamd Jack en ik hou van pi\u00f1a coladas. (En overvallen worden door de regen.)<\/p>\r\n<\/blockquote>\r\n\r\n\r\n\r\n<p>&#8230;of zoiets als dit:<\/p>\r\n\r\n\r\n\r\n<blockquote class=\"wp-block-quote is-layout-flow wp-block-quote-is-layout-flow\">\r\n<p>De XYZ Doohickey Company is opgericht in 1971 en heeft sindsdien kwalitatieve doohickeys aan het publiek geleverd. Gevestigd in Gotham City, heeft XYZ meer dan 2000 mensen in dienst en doet allerlei fantastische dingen voor de community in Gotham.<\/p>\r\n<\/blockquote>\r\n\r\n\r\n\r\n<p>Als nieuwe WordPress gebruiker kan je naar <a href=\"https:\/\/www.wolthuismachines.nl\/wp-admin\/\">je dashboard<\/a> gaan om deze pagina te verwijderen en nieuwe pagina&#8217;s toe te voegen voor je inhoud. Veel plezier!<\/p>\r\n","protected":false},"excerpt":{"rendered":"<p>Dit is een voorbeeldpagina. Het is anders dan een blog bericht omdat het op \u00e9\u00e9n plek blijft en tevoorschijn komt&#8230;<\/p>\n","protected":false},"author":1,"featured_media":5056,"parent":0,"menu_order":0,"comment_status":"closed","ping_status":"closed","template":"","meta":{"_acf_changed":false,"footnotes":""},"class_list":["post-4983","page","type-page","status-publish","has-post-thumbnail","hentry"],"acf":[],"yoast_head":"<!-- This site is optimized with the Yoast SEO plugin v25.6 - https:\/\/yoast.com\/wordpress\/plugins\/seo\/ -->\n<title>Wolthuis Machines | Verkauf und Kauf von Metallverarbeitung<\/title>\n<meta name=\"description\" content=\"Verkauf und Ankauf von Neu- und Gebrauchtmaschinen. Asiatische und europ\u00e4ische Maschinen. Inklusive Service, \u00dcberholung, Umz\u00fcge und Reparaturen!\" \/>\n<meta name=\"robots\" content=\"index, follow, max-snippet:-1, max-image-preview:large, max-video-preview:-1\" \/>\n<link rel=\"canonical\" href=\"https:\/\/www.wolthuismachines.nl\/de\/\" \/>\n<meta property=\"og:locale\" content=\"de_DE\" \/>\n<meta property=\"og:type\" content=\"article\" \/>\n<meta property=\"og:title\" content=\"Wolthuis Machines | Verkauf und Kauf von Metallverarbeitung\" \/>\n<meta property=\"og:description\" content=\"Verkauf und Ankauf von Neu- und Gebrauchtmaschinen. Asiatische und europ\u00e4ische Maschinen. Inklusive Service, \u00dcberholung, Umz\u00fcge und Reparaturen!\" \/>\n<meta property=\"og:url\" content=\"https:\/\/www.wolthuismachines.nl\/de\/\" \/>\n<meta property=\"og:site_name\" content=\"Wolthuis Machines\" \/>\n<meta property=\"article:modified_time\" content=\"2024-11-18T09:27:50+00:00\" \/>\n<meta name=\"twitter:card\" content=\"summary_large_image\" \/>\n<meta name=\"twitter:label1\" content=\"Gesch\u00e4tzte Lesezeit\" \/>\n\t<meta name=\"twitter:data1\" content=\"6\u00a0Minuten\" \/>\n<script type=\"application\/ld+json\" class=\"yoast-schema-graph\">{\"@context\":\"https:\/\/schema.org\",\"@graph\":[{\"@type\":\"WebPage\",\"@id\":\"https:\/\/www.wolthuismachines.nl\/de\/\",\"url\":\"https:\/\/www.wolthuismachines.nl\/de\/\",\"name\":\"Wolthuis Machines | Verkauf und Kauf von Metallverarbeitung\",\"isPartOf\":{\"@id\":\"https:\/\/www.wolthuismachines.nl\/de\/#website\"},\"primaryImageOfPage\":{\"@id\":\"https:\/\/www.wolthuismachines.nl\/de\/#primaryimage\"},\"image\":{\"@id\":\"https:\/\/www.wolthuismachines.nl\/de\/#primaryimage\"},\"thumbnailUrl\":\"https:\/\/www.wolthuismachines.nl\/wp-content\/uploads\/2023\/09\/Wolthuis-Machines-BV-Nijverheidsstraat-23-1521-NG-Wormerveer-scaled.jpg\",\"datePublished\":\"2023-07-24T14:51:01+00:00\",\"dateModified\":\"2024-11-18T09:27:50+00:00\",\"description\":\"Verkauf und Ankauf von Neu- und Gebrauchtmaschinen. Asiatische und europ\u00e4ische Maschinen. Inklusive Service, \u00dcberholung, Umz\u00fcge und Reparaturen!\",\"breadcrumb\":{\"@id\":\"https:\/\/www.wolthuismachines.nl\/de\/#breadcrumb\"},\"inLanguage\":\"de\",\"potentialAction\":[{\"@type\":\"ReadAction\",\"target\":[\"https:\/\/www.wolthuismachines.nl\/de\/\"]}]},{\"@type\":\"ImageObject\",\"inLanguage\":\"de\",\"@id\":\"https:\/\/www.wolthuismachines.nl\/de\/#primaryimage\",\"url\":\"https:\/\/www.wolthuismachines.nl\/wp-content\/uploads\/2023\/09\/Wolthuis-Machines-BV-Nijverheidsstraat-23-1521-NG-Wormerveer-scaled.jpg\",\"contentUrl\":\"https:\/\/www.wolthuismachines.nl\/wp-content\/uploads\/2023\/09\/Wolthuis-Machines-BV-Nijverheidsstraat-23-1521-NG-Wormerveer-scaled.jpg\",\"width\":2560,\"height\":1920,\"caption\":\"Wolthuis Machines\"},{\"@type\":\"BreadcrumbList\",\"@id\":\"https:\/\/www.wolthuismachines.nl\/de\/#breadcrumb\",\"itemListElement\":[{\"@type\":\"ListItem\",\"position\":1,\"name\":\"Wolthuis Machines\",\"item\":\"https:\/\/www.wolthuismachines.nl\/de\/\"},{\"@type\":\"ListItem\",\"position\":2,\"name\":\"Home\"}]},{\"@type\":\"WebSite\",\"@id\":\"https:\/\/www.wolthuismachines.nl\/de\/#website\",\"url\":\"https:\/\/www.wolthuismachines.nl\/de\/\",\"name\":\"Wolthuis Machines\",\"description\":\"\",\"publisher\":{\"@id\":\"https:\/\/www.wolthuismachines.nl\/de\/#organization\"},\"potentialAction\":[{\"@type\":\"SearchAction\",\"target\":{\"@type\":\"EntryPoint\",\"urlTemplate\":\"https:\/\/www.wolthuismachines.nl\/de\/?s={search_term_string}\"},\"query-input\":{\"@type\":\"PropertyValueSpecification\",\"valueRequired\":true,\"valueName\":\"search_term_string\"}}],\"inLanguage\":\"de\"},{\"@type\":\"Organization\",\"@id\":\"https:\/\/www.wolthuismachines.nl\/de\/#organization\",\"name\":\"Wolthuis Machines\",\"alternateName\":\"Wolthuis Machines\",\"url\":\"https:\/\/www.wolthuismachines.nl\/\",\"logo\":{\"@type\":\"ImageObject\",\"inLanguage\":\"de\",\"@id\":\"https:\/\/www.wolthuismachines.nl\/de\/#\/schema\/logo\/image\/\",\"url\":\"https:\/\/www.wolthuismachines.nl\/wp-content\/uploads\/2024\/02\/wolthuis-logo.png\",\"contentUrl\":\"https:\/\/www.wolthuismachines.nl\/wp-content\/uploads\/2024\/02\/wolthuis-logo.png\",\"width\":1200,\"height\":900,\"caption\":\"Wolthuis Machines\"},\"image\":{\"@id\":\"https:\/\/www.wolthuismachines.nl\/de\/#\/schema\/logo\/image\/\"},\"sameAs\":[\"https:\/\/www.linkedin.com\/in\/yuri-van-leuffen-39444a4b\/?originalSubdomain=nl\",\"https:\/\/www.youtube.com\/@Wolthuismachines\"],\"legalName\":\"Wolthuis Machines B.V.\",\"description\":\"Wolthuis Machines uit Wormerveer is gespecialiseerd in de verkoop en inkoop van nieuwe & gebruikte metaalbewerkingsmachines\",\"openingHours\":[\"Mo-Fr 07:30-17:00\",\"Sa 08:00-15:00\"],\"telephone\":\"+31756403133\",\"email\":\"sales@wolthuismachines.nl\",\"address\":{\"@type\":\"PostalAddress\",\"streetAddress\":\"Nijverheidsstraat 23\",\"addressLocality\":\"Wormerveer\",\"addressRegion\":\"Noord-Holland\",\"postalCode\":\"1521 NG\",\"addressCountry\":\"NL\"},\"areaServed\":{\"@type\":\"Country\",\"name\":\"Nederland\",\"identifier\":\"NL\"}}]}<\/script>\n<!-- \/ Yoast SEO plugin. -->","yoast_head_json":{"title":"Wolthuis Machines | Verkauf und Kauf von Metallverarbeitung","description":"Verkauf und Ankauf von Neu- und Gebrauchtmaschinen. Asiatische und europ\u00e4ische Maschinen. Inklusive Service, \u00dcberholung, Umz\u00fcge und Reparaturen!","robots":{"index":"index","follow":"follow","max-snippet":"max-snippet:-1","max-image-preview":"max-image-preview:large","max-video-preview":"max-video-preview:-1"},"canonical":"https:\/\/www.wolthuismachines.nl\/de\/","og_locale":"de_DE","og_type":"article","og_title":"Wolthuis Machines | Verkauf und Kauf von Metallverarbeitung","og_description":"Verkauf und Ankauf von Neu- und Gebrauchtmaschinen. Asiatische und europ\u00e4ische Maschinen. Inklusive Service, \u00dcberholung, Umz\u00fcge und Reparaturen!","og_url":"https:\/\/www.wolthuismachines.nl\/de\/","og_site_name":"Wolthuis Machines","article_modified_time":"2024-11-18T09:27:50+00:00","twitter_card":"summary_large_image","twitter_misc":{"Gesch\u00e4tzte Lesezeit":"6\u00a0Minuten"},"schema":{"@context":"https:\/\/schema.org","@graph":[{"@type":"WebPage","@id":"https:\/\/www.wolthuismachines.nl\/de\/","url":"https:\/\/www.wolthuismachines.nl\/de\/","name":"Wolthuis Machines | Verkauf und Kauf von Metallverarbeitung","isPartOf":{"@id":"https:\/\/www.wolthuismachines.nl\/de\/#website"},"primaryImageOfPage":{"@id":"https:\/\/www.wolthuismachines.nl\/de\/#primaryimage"},"image":{"@id":"https:\/\/www.wolthuismachines.nl\/de\/#primaryimage"},"thumbnailUrl":"https:\/\/www.wolthuismachines.nl\/wp-content\/uploads\/2023\/09\/Wolthuis-Machines-BV-Nijverheidsstraat-23-1521-NG-Wormerveer-scaled.jpg","datePublished":"2023-07-24T14:51:01+00:00","dateModified":"2024-11-18T09:27:50+00:00","description":"Verkauf und Ankauf von Neu- und Gebrauchtmaschinen. Asiatische und europ\u00e4ische Maschinen. Inklusive Service, \u00dcberholung, Umz\u00fcge und Reparaturen!","breadcrumb":{"@id":"https:\/\/www.wolthuismachines.nl\/de\/#breadcrumb"},"inLanguage":"de","potentialAction":[{"@type":"ReadAction","target":["https:\/\/www.wolthuismachines.nl\/de\/"]}]},{"@type":"ImageObject","inLanguage":"de","@id":"https:\/\/www.wolthuismachines.nl\/de\/#primaryimage","url":"https:\/\/www.wolthuismachines.nl\/wp-content\/uploads\/2023\/09\/Wolthuis-Machines-BV-Nijverheidsstraat-23-1521-NG-Wormerveer-scaled.jpg","contentUrl":"https:\/\/www.wolthuismachines.nl\/wp-content\/uploads\/2023\/09\/Wolthuis-Machines-BV-Nijverheidsstraat-23-1521-NG-Wormerveer-scaled.jpg","width":2560,"height":1920,"caption":"Wolthuis Machines"},{"@type":"BreadcrumbList","@id":"https:\/\/www.wolthuismachines.nl\/de\/#breadcrumb","itemListElement":[{"@type":"ListItem","position":1,"name":"Wolthuis Machines","item":"https:\/\/www.wolthuismachines.nl\/de\/"},{"@type":"ListItem","position":2,"name":"Home"}]},{"@type":"WebSite","@id":"https:\/\/www.wolthuismachines.nl\/de\/#website","url":"https:\/\/www.wolthuismachines.nl\/de\/","name":"Wolthuis Machines","description":"","publisher":{"@id":"https:\/\/www.wolthuismachines.nl\/de\/#organization"},"potentialAction":[{"@type":"SearchAction","target":{"@type":"EntryPoint","urlTemplate":"https:\/\/www.wolthuismachines.nl\/de\/?s={search_term_string}"},"query-input":{"@type":"PropertyValueSpecification","valueRequired":true,"valueName":"search_term_string"}}],"inLanguage":"de"},{"@type":"Organization","@id":"https:\/\/www.wolthuismachines.nl\/de\/#organization","name":"Wolthuis Machines","alternateName":"Wolthuis Machines","url":"https:\/\/www.wolthuismachines.nl\/","logo":{"@type":"ImageObject","inLanguage":"de","@id":"https:\/\/www.wolthuismachines.nl\/de\/#\/schema\/logo\/image\/","url":"https:\/\/www.wolthuismachines.nl\/wp-content\/uploads\/2024\/02\/wolthuis-logo.png","contentUrl":"https:\/\/www.wolthuismachines.nl\/wp-content\/uploads\/2024\/02\/wolthuis-logo.png","width":1200,"height":900,"caption":"Wolthuis Machines"},"image":{"@id":"https:\/\/www.wolthuismachines.nl\/de\/#\/schema\/logo\/image\/"},"sameAs":["https:\/\/www.linkedin.com\/in\/yuri-van-leuffen-39444a4b\/?originalSubdomain=nl","https:\/\/www.youtube.com\/@Wolthuismachines"],"legalName":"Wolthuis Machines B.V.","description":"Wolthuis Machines uit Wormerveer is gespecialiseerd in de verkoop en inkoop van nieuwe & gebruikte metaalbewerkingsmachines","openingHours":["Mo-Fr 07:30-17:00","Sa 08:00-15:00"],"telephone":"+31756403133","email":"sales@wolthuismachines.nl","address":{"@type":"PostalAddress","streetAddress":"Nijverheidsstraat 23","addressLocality":"Wormerveer","addressRegion":"Noord-Holland","postalCode":"1521 NG","addressCountry":"NL"},"areaServed":{"@type":"Country","name":"Nederland","identifier":"NL"}}]}},"_links":{"self":[{"href":"https:\/\/www.wolthuismachines.nl\/de\/wp-json\/wp\/v2\/pages\/4983","targetHints":{"allow":["GET"]}}],"collection":[{"href":"https:\/\/www.wolthuismachines.nl\/de\/wp-json\/wp\/v2\/pages"}],"about":[{"href":"https:\/\/www.wolthuismachines.nl\/de\/wp-json\/wp\/v2\/types\/page"}],"author":[{"embeddable":true,"href":"https:\/\/www.wolthuismachines.nl\/de\/wp-json\/wp\/v2\/users\/1"}],"replies":[{"embeddable":true,"href":"https:\/\/www.wolthuismachines.nl\/de\/wp-json\/wp\/v2\/comments?post=4983"}],"version-history":[{"count":7,"href":"https:\/\/www.wolthuismachines.nl\/de\/wp-json\/wp\/v2\/pages\/4983\/revisions"}],"predecessor-version":[{"id":11603,"href":"https:\/\/www.wolthuismachines.nl\/de\/wp-json\/wp\/v2\/pages\/4983\/revisions\/11603"}],"wp:featuredmedia":[{"embeddable":true,"href":"https:\/\/www.wolthuismachines.nl\/de\/wp-json\/wp\/v2\/media\/5056"}],"wp:attachment":[{"href":"https:\/\/www.wolthuismachines.nl\/de\/wp-json\/wp\/v2\/media?parent=4983"}],"curies":[{"name":"wp","href":"https:\/\/api.w.org\/{rel}","templated":true}]}}